{"id":14341,"date":"2024-08-31T17:22:59","date_gmt":"2024-08-31T17:22:59","guid":{"rendered":"https:\/\/ensogallery.com\/?page_id=14341"},"modified":"2024-11-10T15:20:53","modified_gmt":"2024-11-10T15:20:53","slug":"painting-workshops","status":"publish","type":"page","link":"https:\/\/ensogallery.com\/en\/painting-workshops\/","title":{"rendered":"Painting Workshops"},"content":{"rendered":"\t\t<div data-elementor-type=\"wp-page\" data-elementor-id=\"14341\" class=\"elementor elementor-14341\" data-elementor-settings=\"{&quot;element_pack_global_tooltip_width&quot;:{&quot;unit&quot;:&quot;px&quot;,&quot;size&quot;:&quot;&quot;,&quot;sizes&quot;:[]},&quot;element_pack_global_tooltip_width_tablet&quot;:{&quot;unit&quot;:&quot;px&quot;,&quot;size&quot;:&quot;&quot;,&quot;sizes&quot;:[]},&quot;element_pack_global_tooltip_width_mobile&quot;:{&quot;unit&quot;:&quot;px&quot;,&quot;size&quot;:&quot;&quot;,&quot;sizes&quot;:[]},&quot;element_pack_global_tooltip_padding&quot;:{&quot;unit&quot;:&quot;px&quot;,&quot;top&quot;:&quot;&quot;,&quot;right&quot;:&quot;&quot;,&quot;bottom&quot;:&quot;&quot;,&quot;left&quot;:&quot;&quot;,&quot;isLinked&quot;:true},&quot;element_pack_global_tooltip_padding_tablet&quot;:{&quot;unit&quot;:&quot;px&quot;,&quot;top&quot;:&quot;&quot;,&quot;right&quot;:&quot;&quot;,&quot;bottom&quot;:&quot;&quot;,&quot;left&quot;:&quot;&quot;,&quot;isLinked&quot;:true},&quot;element_pack_global_tooltip_padding_mobile&quot;:{&quot;unit&quot;:&quot;px&quot;,&quot;top&quot;:&quot;&quot;,&quot;right&quot;:&quot;&quot;,&quot;bottom&quot;:&quot;&quot;,&quot;left&quot;:&quot;&quot;,&quot;isLinked&quot;:true},&quot;element_pack_global_tooltip_border_radius&quot;:{&quot;unit&quot;:&quot;px&quot;,&quot;top&quot;:&quot;&quot;,&quot;right&quot;:&quot;&quot;,&quot;bottom&quot;:&quot;&quot;,&quot;left&quot;:&quot;&quot;,&quot;isLinked&quot;:true},&quot;element_pack_global_tooltip_border_radius_tablet&quot;:{&quot;unit&quot;:&quot;px&quot;,&quot;top&quot;:&quot;&quot;,&quot;right&quot;:&quot;&quot;,&quot;bottom&quot;:&quot;&quot;,&quot;left&quot;:&quot;&quot;,&quot;isLinked&quot;:true},&quot;element_pack_global_tooltip_border_radius_mobile&quot;:{&quot;unit&quot;:&quot;px&quot;,&quot;top&quot;:&quot;&quot;,&quot;right&quot;:&quot;&quot;,&quot;bottom&quot;:&quot;&quot;,&quot;left&quot;:&quot;&quot;,&quot;isLinked&quot;:true}}\" data-elementor-post-type=\"page\">\n\t\t\t\t\t\t<section class=\"elementor-section elementor-top-section elementor-element elementor-element-6b5dae34 elementor-section-boxed elementor-section-height-default elementor-section-height-default\" data-id=\"6b5dae34\" data-element_type=\"section\" data-e-type=\"section\" data-settings=\"{&quot;background_background&quot;:&quot;classic&quot;,&quot;background_motion_fx_motion_fx_scrolling&quot;:&quot;yes&quot;,&quot;background_motion_fx_translateX_effect&quot;:&quot;yes&quot;,&quot;background_motion_fx_translateX_direction&quot;:&quot;negative&quot;,&quot;background_motion_fx_translateX_speed&quot;:{&quot;unit&quot;:&quot;px&quot;,&quot;size&quot;:3.7,&quot;sizes&quot;:[]},&quot;background_motion_fx_translateX_affectedRange&quot;:{&quot;unit&quot;:&quot;%&quot;,&quot;size&quot;:&quot;&quot;,&quot;sizes&quot;:{&quot;start&quot;:0,&quot;end&quot;:100}},&quot;background_motion_fx_devices&quot;:[&quot;desktop&quot;,&quot;tablet&quot;,&quot;mobile&quot;]}\">\n\t\t\t\t\t\t<div class=\"elementor-container elementor-column-gap-extended\">\n\t\t\t\t\t<div class=\"elementor-column elementor-col-50 elementor-top-column elementor-element elementor-element-563ace0e\" data-id=\"563ace0e\" data-element_type=\"column\" data-e-type=\"column\">\n\t\t\t<div class=\"elementor-widget-wrap elementor-element-populated\">\n\t\t\t\t\t\t<div class=\"elementor-element elementor-element-d3ddcc6 elementor-absolute elementor-widget elementor-widget-image\" data-id=\"d3ddcc6\" data-element_type=\"widget\" data-e-type=\"widget\" data-settings=\"{&quot;_position&quot;:&quot;absolute&quot;}\" data-widget_type=\"image.default\">\n\t\t\t\t<div class=\"elementor-widget-container\">\n\t\t\t\t\t\t\t\t\t\t\t\t\t\t\t<img fetchpriority=\"high\" decoding=\"async\" width=\"754\" height=\"1024\" src=\"https:\/\/ensogallery.com\/wp-content\/uploads\/2024\/08\/Heading-3-1-754x1024.png\" class=\"attachment-large size-large wp-image-14395\" alt=\"\" srcset=\"https:\/\/ensogallery.com\/wp-content\/uploads\/2024\/08\/Heading-3-1-754x1024.png 754w, https:\/\/ensogallery.com\/wp-content\/uploads\/2024\/08\/Heading-3-1-221x300.png 221w, https:\/\/ensogallery.com\/wp-content\/uploads\/2024\/08\/Heading-3-1-600x814.png 600w, https:\/\/ensogallery.com\/wp-content\/uploads\/2024\/08\/Heading-3-1-9x12.png 9w, https:\/\/ensogallery.com\/wp-content\/uploads\/2024\/08\/Heading-3-1.png 1105w\" sizes=\"(max-width: 754px) 100vw, 754px\" \/>\t\t\t\t\t\t\t\t\t\t\t\t\t\t\t<\/div>\n\t\t\t\t<\/div>\n\t\t\t\t\t<\/div>\n\t\t<\/div>\n\t\t\t\t<div class=\"elementor-column elementor-col-50 elementor-top-column elementor-element elementor-element-42ebd90d\" data-id=\"42ebd90d\" data-element_type=\"column\" data-e-type=\"column\">\n\t\t\t<div class=\"elementor-widget-wrap elementor-element-populated\">\n\t\t\t\t\t\t<div class=\"elementor-element elementor-element-21847bc elementor-absolute e-transform elementor-widget elementor-widget-image\" data-id=\"21847bc\" data-element_type=\"widget\" data-e-type=\"widget\" data-settings=\"{&quot;_position&quot;:&quot;absolute&quot;,&quot;_transform_rotateZ_effect&quot;:{&quot;unit&quot;:&quot;px&quot;,&quot;size&quot;:15,&quot;sizes&quot;:[]},&quot;_transform_rotateZ_effect_tablet&quot;:{&quot;unit&quot;:&quot;deg&quot;,&quot;size&quot;:&quot;&quot;,&quot;sizes&quot;:[]},&quot;_transform_rotateZ_effect_mobile&quot;:{&quot;unit&quot;:&quot;deg&quot;,&quot;size&quot;:&quot;&quot;,&quot;sizes&quot;:[]}}\" data-widget_type=\"image.default\">\n\t\t\t\t<div class=\"elementor-widget-container\">\n\t\t\t\t\t\t\t\t\t\t\t\t\t\t\t<img decoding=\"async\" width=\"1000\" height=\"1000\" src=\"https:\/\/ensogallery.com\/wp-content\/uploads\/2024\/08\/Heading-1024x1024.png\" class=\"attachment-large size-large wp-image-14379\" alt=\"\" srcset=\"https:\/\/ensogallery.com\/wp-content\/uploads\/2024\/08\/Heading-1024x1024.png 1024w, https:\/\/ensogallery.com\/wp-content\/uploads\/2024\/08\/Heading-300x300.png 300w, https:\/\/ensogallery.com\/wp-content\/uploads\/2024\/08\/Heading-150x150.png 150w, https:\/\/ensogallery.com\/wp-content\/uploads\/2024\/08\/Heading-320x320.png 320w, https:\/\/ensogallery.com\/wp-content\/uploads\/2024\/08\/Heading-760x760.png 760w, https:\/\/ensogallery.com\/wp-content\/uploads\/2024\/08\/Heading-600x600.png 600w, https:\/\/ensogallery.com\/wp-content\/uploads\/2024\/08\/Heading-100x100.png 100w, https:\/\/ensogallery.com\/wp-content\/uploads\/2024\/08\/Heading-12x12.png 12w, https:\/\/ensogallery.com\/wp-content\/uploads\/2024\/08\/Heading.png 1485w\" sizes=\"(max-width: 1000px) 100vw, 1000px\" \/>\t\t\t\t\t\t\t\t\t\t\t\t\t\t\t<\/div>\n\t\t\t\t<\/div>\n\t\t\t\t\t<\/div>\n\t\t<\/div>\n\t\t\t\t\t<\/div>\n\t\t<\/section>\n\t\t\t\t<section class=\"elementor-section elementor-top-section elementor-element elementor-element-cb39382 elementor-section-boxed elementor-section-height-default elementor-section-height-default\" data-id=\"cb39382\" data-element_type=\"section\" data-e-type=\"section\" data-settings=\"{&quot;background_background&quot;:&quot;classic&quot;}\">\n\t\t\t\t\t\t<div class=\"elementor-container elementor-column-gap-default\">\n\t\t\t\t\t<div class=\"elementor-column elementor-col-100 elementor-top-column elementor-element elementor-element-4ef25877\" data-id=\"4ef25877\" data-element_type=\"column\" data-e-type=\"column\">\n\t\t\t<div class=\"elementor-widget-wrap elementor-element-populated\">\n\t\t\t\t\t\t<section class=\"elementor-section elementor-inner-section elementor-element elementor-element-1a662c1b elementor-section-boxed elementor-section-height-default elementor-section-height-default\" data-id=\"1a662c1b\" data-element_type=\"section\" data-e-type=\"section\">\n\t\t\t\t\t\t<div class=\"elementor-container elementor-column-gap-default\">\n\t\t\t\t\t<div class=\"elementor-column elementor-col-50 elementor-inner-column elementor-element elementor-element-3ee70e4\" data-id=\"3ee70e4\" data-element_type=\"column\" data-e-type=\"column\">\n\t\t\t<div class=\"elementor-widget-wrap\">\n\t\t\t\t\t\t\t<\/div>\n\t\t<\/div>\n\t\t\t\t<div class=\"elementor-column elementor-col-50 elementor-inner-column elementor-element elementor-element-7f13af1e\" data-id=\"7f13af1e\" data-element_type=\"column\" data-e-type=\"column\">\n\t\t\t<div class=\"elementor-widget-wrap\">\n\t\t\t\t\t\t\t<\/div>\n\t\t<\/div>\n\t\t\t\t\t<\/div>\n\t\t<\/section>\n\t\t\t\t\t<\/div>\n\t\t<\/div>\n\t\t\t\t<div class=\"elementor-column elementor-col-100 elementor-top-column elementor-element elementor-element-21d6c013\" data-id=\"21d6c013\" data-element_type=\"column\" data-e-type=\"column\">\n\t\t\t<div class=\"elementor-widget-wrap elementor-element-populated\">\n\t\t\t\t\t\t<div class=\"elementor-element elementor-element-702c205 elementor-absolute e-transform elementor-widget elementor-widget-image\" data-id=\"702c205\" data-element_type=\"widget\" data-e-type=\"widget\" data-settings=\"{&quot;_position&quot;:&quot;absolute&quot;,&quot;_transform_rotateZ_effect&quot;:{&quot;unit&quot;:&quot;px&quot;,&quot;size&quot;:-9,&quot;sizes&quot;:[]},&quot;_transform_rotateZ_effect_mobile&quot;:{&quot;unit&quot;:&quot;deg&quot;,&quot;size&quot;:338,&quot;sizes&quot;:[]},&quot;_transform_rotateZ_effect_tablet&quot;:{&quot;unit&quot;:&quot;deg&quot;,&quot;size&quot;:&quot;&quot;,&quot;sizes&quot;:[]}}\" data-widget_type=\"image.default\">\n\t\t\t\t<div class=\"elementor-widget-container\">\n\t\t\t\t\t\t\t\t\t\t\t\t\t\t\t<img decoding=\"async\" width=\"1000\" height=\"1000\" src=\"https:\/\/ensogallery.com\/wp-content\/uploads\/2024\/08\/Heading-1-1024x1024.png\" class=\"attachment-large size-large wp-image-14380\" alt=\"\" srcset=\"https:\/\/ensogallery.com\/wp-content\/uploads\/2024\/08\/Heading-1-1024x1024.png 1024w, https:\/\/ensogallery.com\/wp-content\/uploads\/2024\/08\/Heading-1-300x300.png 300w, https:\/\/ensogallery.com\/wp-content\/uploads\/2024\/08\/Heading-1-150x150.png 150w, https:\/\/ensogallery.com\/wp-content\/uploads\/2024\/08\/Heading-1-320x320.png 320w, https:\/\/ensogallery.com\/wp-content\/uploads\/2024\/08\/Heading-1-760x760.png 760w, https:\/\/ensogallery.com\/wp-content\/uploads\/2024\/08\/Heading-1-600x600.png 600w, https:\/\/ensogallery.com\/wp-content\/uploads\/2024\/08\/Heading-1-100x100.png 100w, https:\/\/ensogallery.com\/wp-content\/uploads\/2024\/08\/Heading-1-12x12.png 12w, https:\/\/ensogallery.com\/wp-content\/uploads\/2024\/08\/Heading-1.png 1485w\" sizes=\"(max-width: 1000px) 100vw, 1000px\" \/>\t\t\t\t\t\t\t\t\t\t\t\t\t\t\t<\/div>\n\t\t\t\t<\/div>\n\t\t\t\t\t<\/div>\n\t\t<\/div>\n\t\t\t\t<div class=\"elementor-column elementor-col-100 elementor-top-column elementor-element elementor-element-6c8b43d3\" data-id=\"6c8b43d3\" data-element_type=\"column\" data-e-type=\"column\">\n\t\t\t<div class=\"elementor-widget-wrap elementor-element-populated\">\n\t\t\t\t\t\t<div class=\"elementor-element elementor-element-2b2b00a elementor-widget elementor-widget-image\" data-id=\"2b2b00a\" data-element_type=\"widget\" data-e-type=\"widget\" data-widget_type=\"image.default\">\n\t\t\t\t<div class=\"elementor-widget-container\">\n\t\t\t\t\t\t\t\t\t\t\t\t\t\t\t\t<a href=\"https:\/\/ensogallery.com\/artist\/almudena-angoso\/\">\n\t\t\t\t\t\t\t<img loading=\"lazy\" decoding=\"async\" width=\"1000\" height=\"1000\" src=\"https:\/\/ensogallery.com\/wp-content\/uploads\/2024\/04\/5759b498-40b2-4dfd-9769-a506c47c1790-1-copia-1024x1024.jpg\" class=\"attachment-large size-large wp-image-9485\" alt=\"Almudena Angoso. Ens\u014d Art Gallery. Contemporary and Oriental Art Gallery in Menorca\" srcset=\"https:\/\/ensogallery.com\/wp-content\/uploads\/2024\/04\/5759b498-40b2-4dfd-9769-a506c47c1790-1-copia-1024x1024.jpg 1024w, https:\/\/ensogallery.com\/wp-content\/uploads\/2024\/04\/5759b498-40b2-4dfd-9769-a506c47c1790-1-copia-300x300.jpg 300w, https:\/\/ensogallery.com\/wp-content\/uploads\/2024\/04\/5759b498-40b2-4dfd-9769-a506c47c1790-1-copia-150x150.jpg 150w, https:\/\/ensogallery.com\/wp-content\/uploads\/2024\/04\/5759b498-40b2-4dfd-9769-a506c47c1790-1-copia-320x320.jpg 320w, https:\/\/ensogallery.com\/wp-content\/uploads\/2024\/04\/5759b498-40b2-4dfd-9769-a506c47c1790-1-copia-760x760.jpg 760w, https:\/\/ensogallery.com\/wp-content\/uploads\/2024\/04\/5759b498-40b2-4dfd-9769-a506c47c1790-1-copia-600x600.jpg 600w, https:\/\/ensogallery.com\/wp-content\/uploads\/2024\/04\/5759b498-40b2-4dfd-9769-a506c47c1790-1-copia-100x100.jpg 100w, https:\/\/ensogallery.com\/wp-content\/uploads\/2024\/04\/5759b498-40b2-4dfd-9769-a506c47c1790-1-copia.jpg 1105w\" sizes=\"(max-width: 1000px) 100vw, 1000px\" \/>\t\t\t\t\t\t\t\t<\/a>\n\t\t\t\t\t\t\t\t\t\t\t\t\t\t\t<\/div>\n\t\t\t\t<\/div>\n\t\t\t\t\t<\/div>\n\t\t<\/div>\n\t\t\t\t<div class=\"elementor-column elementor-col-100 elementor-top-column elementor-element elementor-element-7c6322e1\" data-id=\"7c6322e1\" data-element_type=\"column\" data-e-type=\"column\">\n\t\t\t<div class=\"elementor-widget-wrap\">\n\t\t\t\t\t\t\t<\/div>\n\t\t<\/div>\n\t\t\t\t\t<\/div>\n\t\t<\/section>\n\t\t\t\t<section class=\"elementor-section elementor-top-section elementor-element elementor-element-2fd12817 elementor-section-full_width elementor-section-content-middle elementor-reverse-mobile elementor-section-height-default elementor-section-height-default\" data-id=\"2fd12817\" data-element_type=\"section\" data-e-type=\"section\" data-settings=\"{&quot;background_background&quot;:&quot;classic&quot;}\">\n\t\t\t\t\t\t<div class=\"elementor-container elementor-column-gap-no\">\n\t\t\t\t\t<div class=\"elementor-column elementor-col-50 elementor-top-column elementor-element elementor-element-f9d9a2c\" data-id=\"f9d9a2c\" data-element_type=\"column\" data-e-type=\"column\">\n\t\t\t<div class=\"elementor-widget-wrap\">\n\t\t\t\t\t\t\t<\/div>\n\t\t<\/div>\n\t\t\t\t<div class=\"elementor-column elementor-col-50 elementor-top-column elementor-element elementor-element-433ccdd2\" data-id=\"433ccdd2\" data-element_type=\"column\" data-e-type=\"column\">\n\t\t\t<div class=\"elementor-widget-wrap\">\n\t\t\t\t\t\t\t<\/div>\n\t\t<\/div>\n\t\t\t\t\t<\/div>\n\t\t<\/section>\n\t\t\t\t<section class=\"elementor-section elementor-top-section elementor-element elementor-element-103375e5 elementor-section-full_width elementor-section-content-middle elementor-section-height-default elementor-section-height-default\" data-id=\"103375e5\" data-element_type=\"section\" data-e-type=\"section\" data-settings=\"{&quot;background_background&quot;:&quot;classic&quot;}\">\n\t\t\t\t\t\t<div class=\"elementor-container elementor-column-gap-no\">\n\t\t\t\t\t<div class=\"elementor-column elementor-col-50 elementor-top-column elementor-element elementor-element-470a9f7d\" data-id=\"470a9f7d\" data-element_type=\"column\" data-e-type=\"column\">\n\t\t\t<div class=\"elementor-widget-wrap\">\n\t\t\t\t\t\t\t<\/div>\n\t\t<\/div>\n\t\t\t\t<div class=\"elementor-column elementor-col-50 elementor-top-column elementor-element elementor-element-33585600\" data-id=\"33585600\" data-element_type=\"column\" data-e-type=\"column\">\n\t\t\t<div class=\"elementor-widget-wrap elementor-element-populated\">\n\t\t\t\t\t\t<div class=\"elementor-element elementor-element-4be6b0c elementor-icon-list--layout-traditional elementor-list-item-link-full_width elementor-widget elementor-widget-icon-list\" data-id=\"4be6b0c\" data-element_type=\"widget\" data-e-type=\"widget\" data-widget_type=\"icon-list.default\">\n\t\t\t\t<div class=\"elementor-widget-container\">\n\t\t\t\t\t\t\t<ul class=\"elementor-icon-list-items\">\n\t\t\t\t\t\t\t<li class=\"elementor-icon-list-item\">\n\t\t\t\t\t\t\t\t\t\t\t<span class=\"elementor-icon-list-icon\">\n\t\t\t\t\t\t\t<i aria-hidden=\"true\" class=\"lqd-icn-ess icon-num-1\"><\/i>\t\t\t\t\t\t<\/span>\n\t\t\t\t\t\t\t\t\t\t<span class=\"elementor-icon-list-text\">Dominar <b>dibujo, color, luz y sombra, y perspectiva;<\/b> comprender el comportamiento de los materiales con los que trabajamos, principalmente acr\u00edlico y \u00f3leo.<\/span>\n\t\t\t\t\t\t\t\t\t<\/li>\n\t\t\t\t\t\t\t\t<li class=\"elementor-icon-list-item\">\n\t\t\t\t\t\t\t\t\t\t\t<span class=\"elementor-icon-list-icon\">\n\t\t\t\t\t\t\t<i aria-hidden=\"true\" class=\"lqd-icn-ess icon-num-2\"><\/i>\t\t\t\t\t\t<\/span>\n\t\t\t\t\t\t\t\t\t\t<span class=\"elementor-icon-list-text\"><b>Practicar diferentes estilos<\/b> como el realismo, el impresionismo y la abstracci\u00f3n.<\/span>\n\t\t\t\t\t\t\t\t\t<\/li>\n\t\t\t\t\t\t\t\t<li class=\"elementor-icon-list-item\">\n\t\t\t\t\t\t\t\t\t\t\t<span class=\"elementor-icon-list-icon\">\n\t\t\t\t\t\t\t<i aria-hidden=\"true\" class=\"lqd-icn-ess icon-num-3\"><\/i>\t\t\t\t\t\t<\/span>\n\t\t\t\t\t\t\t\t\t\t<span class=\"elementor-icon-list-text\">Aprender a <b>dar forma y color a nuestras emociones e ideas<\/b>, as\u00ed como establecer nuestro propio plan de trabajo.<\/span>\n\t\t\t\t\t\t\t\t\t<\/li>\n\t\t\t\t\t\t\t\t<li class=\"elementor-icon-list-item\">\n\t\t\t\t\t\t\t\t\t\t\t<span class=\"elementor-icon-list-icon\">\n\t\t\t\t\t\t\t<i aria-hidden=\"true\" class=\"lqd-icn-ess icon-num-4\"><\/i>\t\t\t\t\t\t<\/span>\n\t\t\t\t\t\t\t\t\t\t<span class=\"elementor-icon-list-text\">Encontrar y <b>desarrollar nuestro modo de expresi\u00f3n.<\/b><\/span>\n\t\t\t\t\t\t\t\t\t<\/li>\n\t\t\t\t\t\t\t\t<li class=\"elementor-icon-list-item\">\n\t\t\t\t\t\t\t\t\t\t\t<span class=\"elementor-icon-list-icon\">\n\t\t\t\t\t\t\t<i aria-hidden=\"true\" class=\"lqd-icn-ess icon-num-5\"><\/i>\t\t\t\t\t\t<\/span>\n\t\t\t\t\t\t\t\t\t\t<span class=\"elementor-icon-list-text\"><b>Disfrutar del proceso.<\/b> Las mejores cosas siempre provienen de vivir plenamente en el momento, libres de dogmas y bloqueos mentales.<\/span>\n\t\t\t\t\t\t\t\t\t<\/li>\n\t\t\t\t\t\t<\/ul>\n\t\t\t\t\t\t<\/div>\n\t\t\t\t<\/div>\n\t\t\t\t\t<\/div>\n\t\t<\/div>\n\t\t\t\t\t<\/div>\n\t\t<\/section>\n\t\t\t\t<section class=\"elementor-section elementor-top-section elementor-element elementor-element-1b215fc0 elementor-section-boxed elementor-section-height-default elementor-section-height-default\" data-id=\"1b215fc0\" data-element_type=\"section\" data-e-type=\"section\" data-settings=\"{&quot;background_background&quot;:&quot;classic&quot;}\">\n\t\t\t\t\t\t<div class=\"elementor-container elementor-column-gap-default\">\n\t\t\t\t\t<div class=\"elementor-column elementor-col-100 elementor-top-column elementor-element elementor-element-78cb3415\" data-id=\"78cb3415\" data-element_type=\"column\" data-e-type=\"column\">\n\t\t\t<div class=\"elementor-widget-wrap elementor-element-populated\">\n\t\t\t\t\t\t\t<\/div>\n\t\t<\/div>\n\t\t\t\t\t<\/div>\n\t\t<\/section>\n\t\t\t\t<\/div>\n\t\t","protected":false},"excerpt":{"rendered":"<p>Ens\u014d Art Academy Talleres de Pintura Art\u00edstica Informaci\u00f3n 01 Horario Adultos Lunes: 11:00 AM a 1:00 PM De 10 a 18 a\u00f1os [&hellip;]<\/p>\n","protected":false},"author":1,"featured_media":0,"parent":0,"menu_order":0,"comment_status":"closed","ping_status":"closed","template":"","meta":{"_acf_changed":false,"footnotes":""},"class_list":["post-14341","page","type-page","status-publish","hentry"],"acf":[],"_links":{"self":[{"href":"https:\/\/ensogallery.com\/en\/wp-json\/wp\/v2\/pages\/14341","targetHints":{"allow":["GET"]}}],"collection":[{"href":"https:\/\/ensogallery.com\/en\/wp-json\/wp\/v2\/pages"}],"about":[{"href":"https:\/\/ensogallery.com\/en\/wp-json\/wp\/v2\/types\/page"}],"author":[{"embeddable":true,"href":"https:\/\/ensogallery.com\/en\/wp-json\/wp\/v2\/users\/1"}],"replies":[{"embeddable":true,"href":"https:\/\/ensogallery.com\/en\/wp-json\/wp\/v2\/comments?post=14341"}],"version-history":[{"count":382,"href":"https:\/\/ensogallery.com\/en\/wp-json\/wp\/v2\/pages\/14341\/revisions"}],"predecessor-version":[{"id":15009,"href":"https:\/\/ensogallery.com\/en\/wp-json\/wp\/v2\/pages\/14341\/revisions\/15009"}],"wp:attachment":[{"href":"https:\/\/ensogallery.com\/en\/wp-json\/wp\/v2\/media?parent=14341"}],"curies":[{"name":"wp","href":"https:\/\/api.w.org\/{rel}","templated":true}]}}